{"id":1403,"date":"2025-07-25T14:44:41","date_gmt":"2025-07-25T12:44:41","guid":{"rendered":"https:\/\/wefungi.fr\/?post_type=product&#038;p=1403"},"modified":"2026-01-20T15:21:02","modified_gmt":"2026-01-20T14:21:02","slug":"double-extraction-lions-mane-50ml","status":"publish","type":"product","link":"https:\/\/wefungi.fr\/?product=double-extraction-lions-mane-50ml","title":{"rendered":"Double extraction Lion&rsquo;s mane 50ml"},"content":{"rendered":"<p><span style=\"color: #222222;\"><span style=\"font-family: Arial, Helvetica, sans-serif;\">La teinture m\u00e8re wefungi de Lion\u2019s mane, obtenue par double extraction \u00e0 l\u2019eau et \u00e0 l\u2019alcool assist\u00e9e par ultrasons, garantit une concentration optimale en bioactifs. Riche en b\u00eata-glucanes, ergost\u00e9rol et erinacines, elle soutient efficacement la sant\u00e9 cognitive, la m\u00e9moire et la concentration.<\/span><\/span><\/p>\n<p><span style=\"color: #222222;\"><span style=\"font-family: Arial, Helvetica, sans-serif;\">Ces compos\u00e9s prot\u00e8gent les neurones et renforcent le syst\u00e8me nerveux. L\u2019ergost\u00e9rol contribue \u00e0 l\u2019\u00e9quilibre cellulaire, tandis que les b\u00eata-glucanes stimulent l\u2019immunit\u00e9.<\/span><\/span><\/p>\n<p><span style=\"color: #222222;\"><span style=\"font-family: Arial, Helvetica, sans-serif;\">Gr\u00e2ce \u00e0 cette extraction innovante, tous les principes actifs du champignon sont lib\u00e9r\u00e9s pour un effet synergique puissant. wefungi offre ainsi un extrait pur, naturel et hautement biodisponible, id\u00e9al pour un bien-\u00eatre c\u00e9r\u00e9bral durable<\/span><\/span><\/p>\n","protected":false},"excerpt":{"rendered":"<p>Double extraction \u00e0 l&rsquo;alcool et \u00e0 l&rsquo;eau de champignon Lion&rsquo;s mane. Volume 50 ml.<\/p>\n","protected":false},"featured_media":1929,"template":"","meta":[],"product_brand":[],"product_cat":[22],"product_tag":[],"class_list":{"0":"post-1403","1":"product","2":"type-product","3":"status-publish","4":"has-post-thumbnail","6":"product_cat-22","8":"first","9":"instock","10":"taxable","11":"shipping-taxable","12":"purchasable","13":"product-type-simple"},"_links":{"self":[{"href":"https:\/\/wefungi.fr\/index.php?rest_route=\/wp\/v2\/product\/1403","targetHints":{"allow":["GET"]}}],"collection":[{"href":"https:\/\/wefungi.fr\/index.php?rest_route=\/wp\/v2\/product"}],"about":[{"href":"https:\/\/wefungi.fr\/index.php?rest_route=\/wp\/v2\/types\/product"}],"wp:featuredmedia":[{"embeddable":true,"href":"https:\/\/wefungi.fr\/index.php?rest_route=\/wp\/v2\/media\/1929"}],"wp:attachment":[{"href":"https:\/\/wefungi.fr\/index.php?rest_route=%2Fwp%2Fv2%2Fmedia&parent=1403"}],"wp:term":[{"taxonomy":"product_brand","embeddable":true,"href":"https:\/\/wefungi.fr\/index.php?rest_route=%2Fwp%2Fv2%2Fproduct_brand&post=1403"},{"taxonomy":"product_cat","embeddable":true,"href":"https:\/\/wefungi.fr\/index.php?rest_route=%2Fwp%2Fv2%2Fproduct_cat&post=1403"},{"taxonomy":"product_tag","embeddable":true,"href":"https:\/\/wefungi.fr\/index.php?rest_route=%2Fwp%2Fv2%2Fproduct_tag&post=1403"}],"curies":[{"name":"wp","href":"https:\/\/api.w.org\/{rel}","templated":true}]}}